{"id":103,"date":"2024-08-02T18:05:33","date_gmt":"2024-08-02T16:05:33","guid":{"rendered":"https:\/\/mafud.net\/?page_id=103"},"modified":"2024-08-02T18:42:59","modified_gmt":"2024-08-02T16:42:59","slug":"historia-del-grupo","status":"publish","type":"page","link":"https:\/\/mafud.net\/index.php\/historia-del-grupo\/","title":{"rendered":"Historia del grupo&#8230;"},"content":{"rendered":"\n<p>Desde 2001 se ten\u00eda el sue\u00f1o de crear un grupo que pudiera cubrir seis areas esenciales para toda empresa en M\u00e9xico. Y lo creamos.<\/p>\n\n\n\n<div class=\"wp-block-group is-nowrap is-layout-flex wp-container-core-group-is-layout-1 wp-block-group-is-layout-flex\">\n<p><\/p>\n<\/div>\n\n\n\n<figure class=\"wp-block-gallery has-nested-images columns-default is-cropped wp-block-gallery-1 is-layout-flex wp-block-gallery-is-layout-flex\">\n<figure class=\"wp-block-image size-large\"><img loading=\"lazy\" decoding=\"async\" width=\"445\" height=\"569\" data-id=\"112\" src=\"https:\/\/mafud.net\/wp-content\/uploads\/2024\/08\/educacion-cube-1.png\" alt=\"\" class=\"wp-image-112\" srcset=\"https:\/\/mafud.net\/wp-content\/uploads\/2024\/08\/educacion-cube-1.png 445w, https:\/\/mafud.net\/wp-content\/uploads\/2024\/08\/educacion-cube-1-235x300.png 235w\" sizes=\"(max-width: 445px) 100vw, 445px\" \/><\/figure>\n\n\n\n<figure class=\"wp-block-image size-large\"><img loading=\"lazy\" decoding=\"async\" width=\"398\" height=\"567\" data-id=\"113\" src=\"https:\/\/mafud.net\/wp-content\/uploads\/2024\/08\/internet-cube-1.png\" alt=\"\" class=\"wp-image-113\" srcset=\"https:\/\/mafud.net\/wp-content\/uploads\/2024\/08\/internet-cube-1.png 398w, https:\/\/mafud.net\/wp-content\/uploads\/2024\/08\/internet-cube-1-211x300.png 211w\" sizes=\"(max-width: 398px) 100vw, 398px\" \/><\/figure>\n\n\n\n<figure class=\"wp-block-image size-large\"><img loading=\"lazy\" decoding=\"async\" width=\"398\" height=\"546\" data-id=\"115\" src=\"https:\/\/mafud.net\/wp-content\/uploads\/2024\/08\/it-cube-1.png\" alt=\"\" class=\"wp-image-115\" srcset=\"https:\/\/mafud.net\/wp-content\/uploads\/2024\/08\/it-cube-1.png 398w, https:\/\/mafud.net\/wp-content\/uploads\/2024\/08\/it-cube-1-219x300.png 219w\" sizes=\"(max-width: 398px) 100vw, 398px\" \/><\/figure>\n\n\n\n<figure class=\"wp-block-image size-large\"><img loading=\"lazy\" decoding=\"async\" width=\"474\" height=\"584\" data-id=\"114\" src=\"https:\/\/mafud.net\/wp-content\/uploads\/2024\/08\/productora-cube-2.png\" alt=\"\" class=\"wp-image-114\" srcset=\"https:\/\/mafud.net\/wp-content\/uploads\/2024\/08\/productora-cube-2.png 474w, https:\/\/mafud.net\/wp-content\/uploads\/2024\/08\/productora-cube-2-243x300.png 243w\" sizes=\"(max-width: 474px) 100vw, 474px\" \/><\/figure>\n\n\n\n<figure class=\"wp-block-image size-large\"><img loading=\"lazy\" decoding=\"async\" width=\"435\" height=\"582\" data-id=\"117\" src=\"https:\/\/mafud.net\/wp-content\/uploads\/2024\/08\/productos-cube-2.png\" alt=\"\" class=\"wp-image-117\" srcset=\"https:\/\/mafud.net\/wp-content\/uploads\/2024\/08\/productos-cube-2.png 435w, https:\/\/mafud.net\/wp-content\/uploads\/2024\/08\/productos-cube-2-224x300.png 224w\" sizes=\"(max-width: 435px) 100vw, 435px\" \/><\/figure>\n\n\n\n<figure class=\"wp-block-image size-large\"><img loading=\"lazy\" decoding=\"async\" width=\"450\" height=\"556\" data-id=\"116\" src=\"https:\/\/mafud.net\/wp-content\/uploads\/2024\/08\/publicidad-cube-1.png\" alt=\"\" class=\"wp-image-116\" srcset=\"https:\/\/mafud.net\/wp-content\/uploads\/2024\/08\/publicidad-cube-1.png 450w, https:\/\/mafud.net\/wp-content\/uploads\/2024\/08\/publicidad-cube-1-243x300.png 243w\" sizes=\"(max-width: 450px) 100vw, 450px\" \/><\/figure>\n<\/figure>\n\n\n\n<p>Tomamos las ideas como base para brindar soluciones efectivas, novedosas e impecables en todas \u00e1reas de la comunicaci\u00f3n audiovisual implementando conceptos y t\u00e9cnicas vanguardistas, as\u00ed como los recursos tecnol\u00f3gicos m\u00e1s modernos y eficientes.<\/p>\n","protected":false},"excerpt":{"rendered":"<p>Desde 2001 se ten\u00eda el sue\u00f1o de crear un grupo que pudiera cubrir seis areas esenciales para toda empresa en M\u00e9xico. Y lo creamos. Tomamos las ideas como base para brindar soluciones efectivas, novedosas e impecables en todas \u00e1reas de la comunicaci\u00f3n audiovisual implementando conceptos y t\u00e9cnicas vanguardistas, as\u00ed como los recursos tecnol\u00f3gicos m\u00e1s modernos [&hellip;]<\/p>\n","protected":false},"author":1,"featured_media":0,"parent":0,"menu_order":0,"comment_status":"closed","ping_status":"closed","template":"","meta":{"content-type":"","footnotes":""},"class_list":["post-103","page","type-page","status-publish","hentry"],"aioseo_notices":[],"jetpack_sharing_enabled":true,"_links":{"self":[{"href":"https:\/\/mafud.net\/index.php\/wp-json\/wp\/v2\/pages\/103"}],"collection":[{"href":"https:\/\/mafud.net\/index.php\/wp-json\/wp\/v2\/pages"}],"about":[{"href":"https:\/\/mafud.net\/index.php\/wp-json\/wp\/v2\/types\/page"}],"author":[{"embeddable":true,"href":"https:\/\/mafud.net\/index.php\/wp-json\/wp\/v2\/users\/1"}],"replies":[{"embeddable":true,"href":"https:\/\/mafud.net\/index.php\/wp-json\/wp\/v2\/comments?post=103"}],"version-history":[{"count":3,"href":"https:\/\/mafud.net\/index.php\/wp-json\/wp\/v2\/pages\/103\/revisions"}],"predecessor-version":[{"id":138,"href":"https:\/\/mafud.net\/index.php\/wp-json\/wp\/v2\/pages\/103\/revisions\/138"}],"wp:attachment":[{"href":"https:\/\/mafud.net\/index.php\/wp-json\/wp\/v2\/media?parent=103"}],"curies":[{"name":"wp","href":"https:\/\/api.w.org\/{rel}","templated":true}]}}