{"id":158,"date":"2024-08-02T19:03:27","date_gmt":"2024-08-02T17:03:27","guid":{"rendered":"https:\/\/mafud.net\/?page_id=158"},"modified":"2024-08-03T01:07:56","modified_gmt":"2024-08-02T23:07:56","slug":"informatica-2","status":"publish","type":"page","link":"https:\/\/mafud.net\/index.php\/informatica-2\/","title":{"rendered":"Inform\u00e1tica Especializada"},"content":{"rendered":"\n<div class=\"wp-block-jetpack-send-a-message\">\n<div class=\"wp-block-jetpack-whatsapp-button aligncenter is-color-dark\"><a class=\"whatsapp-block__button\" href=\"https:\/\/api.whatsapp.com\/send?phone=528333781499&amp;text=Hi%2C%20I%20got%20your%20WhatsApp%20information%20from%20your%20website.\" style=\"background-color:#25D366;color:#fff\" target=\"_self\" rel=\"noopener noreferrer\">Habla con nosotros!<\/a><\/div>\n<\/div>\n\n\n\n<figure class=\"wp-block-image size-large\"><a href=\"https:\/\/mafud.net\/index.php\/cuestionario-diagnostico-para-servicios-informaticos\/\"><img loading=\"lazy\" decoding=\"async\" width=\"731\" height=\"1024\" src=\"https:\/\/mafud.net\/wp-content\/uploads\/2024\/08\/Actualizacion2024-731x1024.png\" alt=\"\" class=\"wp-image-161\" srcset=\"https:\/\/mafud.net\/wp-content\/uploads\/2024\/08\/Actualizacion2024-731x1024.png 731w, https:\/\/mafud.net\/wp-content\/uploads\/2024\/08\/Actualizacion2024-214x300.png 214w, https:\/\/mafud.net\/wp-content\/uploads\/2024\/08\/Actualizacion2024-768x1076.png 768w, https:\/\/mafud.net\/wp-content\/uploads\/2024\/08\/Actualizacion2024-1097x1536.png 1097w, https:\/\/mafud.net\/wp-content\/uploads\/2024\/08\/Actualizacion2024.png 1428w\" sizes=\"(max-width: 731px) 100vw, 731px\" \/><\/a><\/figure>\n\n\n\n<div class=\"wp-block-buttons alignfull is-content-justification-center is-layout-flex wp-container-core-buttons-is-layout-1 wp-block-buttons-is-layout-flex\">\n<div class=\"wp-block-button\"><a class=\"wp-block-button__link has-text-align-center wp-element-button\" href=\"https:\/\/mafud.net\/index.php\/cuestionario-diagnostico-para-servicios-informaticos\/\">Agendar<\/a><\/div>\n<\/div>\n\n\n\n<h2 class=\"wp-block-heading\">Actualizaci\u00f3n y Optimizaci\u00f3n de Equipos Inform\u00e1ticos<\/h2>\n\n\n\n<p>En <strong>Inform\u00e1tica Especializada<\/strong>, nos enfocamos en llevar tus dispositivos al siguiente nivel en 2024. Si tienes una PC, laptop, Mac, o cualquier otro equipo, y deseas que funcione como nueva, estamos aqu\u00ed para ayudarte.<\/p>\n\n\n\n<h3 class=\"wp-block-heading\">Nuestros Servicios Incluyen:<\/h3>\n\n\n\n<ul class=\"wp-block-list\">\n<li><strong>Actualizaci\u00f3n a Discos de Estado S\u00f3lido (SSD)<\/strong>: Reemplazamos tu disco duro antiguo por un SSD, mejorando significativamente la velocidad y rendimiento de tu equipo.<\/li>\n\n\n\n<li><strong>Aumento de Memoria RAM<\/strong>: Incrementamos la memoria RAM de tu dispositivo para una mayor eficiencia en multitareas.<\/li>\n\n\n\n<li><strong>Instalaci\u00f3n de Software Actualizado<\/strong>: Te instalamos el sistema operativo m\u00e1s reciente compatible con tu equipo, incluyendo Windows 11 Pro y Office 2024 con licencia completa.<\/li>\n\n\n\n<li><strong>Respaldo de Datos<\/strong>: Transferimos todos tus datos del disco viejo al nuevo, asegurando que no pierdas ninguna informaci\u00f3n importante.<\/li>\n\n\n\n<li><strong>Otros Mejoras y Optimizaciones<\/strong>: Evaluamos y mejoramos otros aspectos de tu equipo para garantizar un rendimiento \u00f3ptimo.<\/li>\n<\/ul>\n\n\n\n<h3 class=\"wp-block-heading\">Cont\u00e1ctanos:<\/h3>\n\n\n\n<p>Para m\u00e1s informaci\u00f3n o para agendar una cita, env\u00edanos un mensaje:<\/p>\n\n\n\n<ul class=\"wp-block-list\">\n<li><strong>Correo electr\u00f3nico<\/strong>: <a>carlos@mafud.net<\/a><\/li>\n\n\n\n<li><strong>WhatsApp<\/strong>: +(833) 378-1499<\/li>\n<\/ul>\n\n\n\n<h3 class=\"wp-block-heading\">Facturaci\u00f3n Disponible:<\/h3>\n\n\n\n<p>\u00bfNecesitas factura? \u00a1Te la proporcionamos sin problemas!<\/p>\n\n\n\n<h3 class=\"wp-block-heading\">Satisfacci\u00f3n Garantizada:<\/h3>\n\n\n\n<p>Si ya has utilizado nuestros servicios y tu computadora est\u00e1 funcionando a la perfecci\u00f3n, \u00a1recomi\u00e9ndanos a tus amigos y familiares!<\/p>\n\n\n\n<div class=\"wp-block-buttons is-content-justification-center is-layout-flex wp-container-core-buttons-is-layout-2 wp-block-buttons-is-layout-flex\">\n<div class=\"wp-block-button\"><a class=\"wp-block-button__link has-text-align-center wp-element-button\" href=\"https:\/\/mafud.net\/index.php\/cuestionario-diagnostico-para-servicios-informaticos\/\">\u00a1Actualiza Tu equipo hoy mismo!<\/a><\/div>\n<\/div>\n\n\n\n<div class=\"wp-block-jetpack-send-a-message\">\n<div class=\"wp-block-jetpack-whatsapp-button aligncenter is-color-dark\"><a class=\"whatsapp-block__button\" href=\"https:\/\/api.whatsapp.com\/send?phone=528333781499&amp;text=Hi%2C%20I%20got%20your%20WhatsApp%20information%20from%20your%20website.\" style=\"background-color:#25D366;color:#fff\" target=\"_self\" rel=\"noopener noreferrer\">Chat on WhatsApp<\/a><\/div>\n<\/div>\n","protected":false},"excerpt":{"rendered":"<p>Actualizaci\u00f3n y Optimizaci\u00f3n de Equipos Inform\u00e1ticos En Inform\u00e1tica Especializada, nos enfocamos en llevar tus dispositivos al siguiente nivel en 2024. Si tienes una PC, laptop, Mac, o cualquier otro equipo, y deseas que funcione como nueva, estamos aqu\u00ed para ayudarte. Nuestros Servicios Incluyen: Cont\u00e1ctanos: Para m\u00e1s informaci\u00f3n o para agendar una cita, env\u00edanos un mensaje: [&hellip;]<\/p>\n","protected":false},"author":1,"featured_media":0,"parent":0,"menu_order":0,"comment_status":"closed","ping_status":"closed","template":"","meta":{"content-type":"","footnotes":""},"class_list":["post-158","page","type-page","status-publish","hentry"],"aioseo_notices":[],"jetpack_sharing_enabled":true,"_links":{"self":[{"href":"https:\/\/mafud.net\/index.php\/wp-json\/wp\/v2\/pages\/158"}],"collection":[{"href":"https:\/\/mafud.net\/index.php\/wp-json\/wp\/v2\/pages"}],"about":[{"href":"https:\/\/mafud.net\/index.php\/wp-json\/wp\/v2\/types\/page"}],"author":[{"embeddable":true,"href":"https:\/\/mafud.net\/index.php\/wp-json\/wp\/v2\/users\/1"}],"replies":[{"embeddable":true,"href":"https:\/\/mafud.net\/index.php\/wp-json\/wp\/v2\/comments?post=158"}],"version-history":[{"count":8,"href":"https:\/\/mafud.net\/index.php\/wp-json\/wp\/v2\/pages\/158\/revisions"}],"predecessor-version":[{"id":207,"href":"https:\/\/mafud.net\/index.php\/wp-json\/wp\/v2\/pages\/158\/revisions\/207"}],"wp:attachment":[{"href":"https:\/\/mafud.net\/index.php\/wp-json\/wp\/v2\/media?parent=158"}],"curies":[{"name":"wp","href":"https:\/\/api.w.org\/{rel}","templated":true}]}}