{"id":48,"date":"2024-03-16T00:38:58","date_gmt":"2024-03-15T23:38:58","guid":{"rendered":"https:\/\/mafud.net\/?page_id=48"},"modified":"2024-03-16T00:38:59","modified_gmt":"2024-03-15T23:38:59","slug":"creatividad","status":"publish","type":"page","link":"https:\/\/mafud.net\/index.php\/creatividad\/","title":{"rendered":"Creatividad"},"content":{"rendered":"\n<p>En Grupo Mafud, creemos que la creatividad es la chispa que impulsa la innovaci\u00f3n y el progreso. Nos hemos dedicado a ofrecer servicios multimedia de vanguardia que fusionan arte, tecnolog\u00eda y ciencias de manera arm\u00f3nica y perfecta. Nuestra divisi\u00f3n de Creatividad se especializa en transformar ideas en realidades impactantes, proporcionando soluciones integrales en las siguientes \u00e1reas:<\/p>\n\n\n\n<ul class=\"wp-block-list\">\n<li><strong>Publicidad<\/strong>: Creamos campa\u00f1as publicitarias memorables que capturan la esencia de su marca y conectan con el p\u00fablico a un nivel emocional, utilizando las \u00faltimas tendencias y tecnolog\u00edas.<\/li>\n\n\n\n<li><strong>Internet y Redes Sociales<\/strong>: Desarrollamos estrategias digitales que potencian su presencia en l\u00ednea, desde el dise\u00f1o de sitios web hasta la gesti\u00f3n de redes sociales, asegurando que su mensaje llegue a una audiencia global.<\/li>\n\n\n\n<li><strong>Dise\u00f1o<\/strong>: Nuestro equipo de dise\u00f1o gr\u00e1fico y de producto trabaja para crear identidades visuales que se destaquen y comuniquen efectivamente los valores de su empresa.<\/li>\n\n\n\n<li><strong>Desarrollo y Programaci\u00f3n<\/strong>: Convertimos conceptos complejos en software intuitivo y aplicaciones m\u00f3viles, mejorando la interacci\u00f3n del usuario y la eficiencia operativa.<\/li>\n<\/ul>\n\n\n\n<p>En Grupo Mafud, cada proyecto es un lienzo en blanco listo para ser transformado en una obra maestra. Cont\u00e1ctenos para dar vida a sus visiones m\u00e1s creativas.<\/p>\n","protected":false},"excerpt":{"rendered":"<p>En Grupo Mafud, creemos que la creatividad es la chispa que impulsa la innovaci\u00f3n y el progreso. Nos hemos dedicado a ofrecer servicios multimedia de vanguardia que fusionan arte, tecnolog\u00eda y ciencias de manera arm\u00f3nica y perfecta. Nuestra divisi\u00f3n de Creatividad se especializa en transformar ideas en realidades impactantes, proporcionando soluciones integrales en las siguientes [&hellip;]<\/p>\n","protected":false},"author":1,"featured_media":0,"parent":0,"menu_order":0,"comment_status":"closed","ping_status":"closed","template":"","meta":{"content-type":"","footnotes":""},"class_list":["post-48","page","type-page","status-publish","hentry"],"aioseo_notices":[],"jetpack_sharing_enabled":true,"_links":{"self":[{"href":"https:\/\/mafud.net\/index.php\/wp-json\/wp\/v2\/pages\/48"}],"collection":[{"href":"https:\/\/mafud.net\/index.php\/wp-json\/wp\/v2\/pages"}],"about":[{"href":"https:\/\/mafud.net\/index.php\/wp-json\/wp\/v2\/types\/page"}],"author":[{"embeddable":true,"href":"https:\/\/mafud.net\/index.php\/wp-json\/wp\/v2\/users\/1"}],"replies":[{"embeddable":true,"href":"https:\/\/mafud.net\/index.php\/wp-json\/wp\/v2\/comments?post=48"}],"version-history":[{"count":1,"href":"https:\/\/mafud.net\/index.php\/wp-json\/wp\/v2\/pages\/48\/revisions"}],"predecessor-version":[{"id":49,"href":"https:\/\/mafud.net\/index.php\/wp-json\/wp\/v2\/pages\/48\/revisions\/49"}],"wp:attachment":[{"href":"https:\/\/mafud.net\/index.php\/wp-json\/wp\/v2\/media?parent=48"}],"curies":[{"name":"wp","href":"https:\/\/api.w.org\/{rel}","templated":true}]}}